{"id":7660,"date":"2023-01-11T23:16:07","date_gmt":"2023-01-11T21:16:07","guid":{"rendered":"https:\/\/wheelhm.com\/contacts\/"},"modified":"2023-08-31T21:03:21","modified_gmt":"2023-08-31T19:03:21","slug":"lacznosc","status":"publish","type":"page","link":"https:\/\/wheelhm.com\/pl\/lacznosc\/","title":{"rendered":"\u0141\u0105czno\u015b\u0107"},"content":{"rendered":"\t\t<div data-elementor-type=\"wp-page\" data-elementor-id=\"7660\" class=\"elementor elementor-7660 elementor-3818\">\n\t\t\t\t\t\t<section class=\"elementor-section elementor-top-section elementor-element elementor-element-50b1020 elementor-section-boxed elementor-section-height-default elementor-section-height-default\" data-id=\"50b1020\" data-element_type=\"section\" data-e-type=\"section\">\n\t\t\t\t\t\t<div class=\"elementor-container elementor-column-gap-default\">\n\t\t\t\t\t<div class=\"elementor-column elementor-col-50 elementor-top-column elementor-element elementor-element-112f8c6\" data-id=\"112f8c6\" data-element_type=\"column\" data-e-type=\"column\">\n\t\t\t<div class=\"elementor-widget-wrap elementor-element-populated\">\n\t\t\t\t\t\t<div class=\"elementor-element elementor-element-d721693 elementor-widget elementor-widget-heading\" data-id=\"d721693\" data-element_type=\"widget\" data-e-type=\"widget\" data-widget_type=\"heading.default\">\n\t\t\t\t<div class=\"elementor-widget-container\">\n\t\t\t\t\t<h5 class=\"elementor-heading-title elementor-size-default\">Send us a message<\/h5>\t\t\t\t<\/div>\n\t\t\t\t<\/div>\n\t\t\t\t<div class=\"elementor-element elementor-element-23b0c35 elementor-widget__width-initial elementor-button-align-stretch elementor-widget elementor-widget-form\" data-id=\"23b0c35\" data-element_type=\"widget\" data-e-type=\"widget\" data-settings=\"{&quot;step_next_label&quot;:&quot;Next&quot;,&quot;step_previous_label&quot;:&quot;Previous&quot;,&quot;button_width&quot;:&quot;100&quot;,&quot;step_type&quot;:&quot;number_text&quot;,&quot;step_icon_shape&quot;:&quot;circle&quot;}\" data-widget_type=\"form.default\">\n\t\t\t\t<div class=\"elementor-widget-container\">\n\t\t\t\t\t\t\t<form class=\"elementor-form\" method=\"post\" name=\"New Form\">\n\t\t\t<input type=\"hidden\" name=\"post_id\" value=\"7660\"\/>\n\t\t\t<input type=\"hidden\" name=\"form_id\" value=\"23b0c35\"\/>\n\t\t\t<input type=\"hidden\" name=\"referer_title\" value=\"wheelhm.com\" \/>\n\n\t\t\t\n\t\t\t<div class=\"elementor-form-fields-wrapper elementor-labels-\">\n\t\t\t\t\t\t\t\t<div class=\"elementor-field-type-text elementor-field-group elementor-column elementor-field-group-name elementor-col-100\">\n\t\t\t\t\t\t\t\t\t\t\t\t<label for=\"form-field-name\" class=\"elementor-field-label elementor-screen-only\">\n\t\t\t\t\t\t\t\tName\t\t\t\t\t\t\t<\/label>\n\t\t\t\t\t\t\t\t\t\t\t\t\t\t<input size=\"1\" type=\"text\" name=\"form_fields[name]\" id=\"form-field-name\" class=\"elementor-field elementor-size-xs  elementor-field-textual\" placeholder=\"Name\">\n\t\t\t\t\t\t\t\t\t\t\t<\/div>\n\t\t\t\t\t\t\t\t<div class=\"elementor-field-type-email elementor-field-group elementor-column elementor-field-group-email elementor-col-100 elementor-field-required\">\n\t\t\t\t\t\t\t\t\t\t\t\t<label for=\"form-field-email\" class=\"elementor-field-label elementor-screen-only\">\n\t\t\t\t\t\t\t\tEmail\t\t\t\t\t\t\t<\/label>\n\t\t\t\t\t\t\t\t\t\t\t\t\t\t<input size=\"1\" type=\"email\" name=\"form_fields[email]\" id=\"form-field-email\" class=\"elementor-field elementor-size-xs  elementor-field-textual\" placeholder=\"Email\" required=\"required\" aria-required=\"true\">\n\t\t\t\t\t\t\t\t\t\t\t<\/div>\n\t\t\t\t\t\t\t\t<div class=\"elementor-field-type-textarea elementor-field-group elementor-column elementor-field-group-message elementor-col-100\">\n\t\t\t\t\t\t\t\t\t\t\t\t<label for=\"form-field-message\" class=\"elementor-field-label elementor-screen-only\">\n\t\t\t\t\t\t\t\tMessage\t\t\t\t\t\t\t<\/label>\n\t\t\t\t\t\t<textarea class=\"elementor-field-textual elementor-field  elementor-size-xs\" name=\"form_fields[message]\" id=\"form-field-message\" rows=\"4\" placeholder=\"Message\"><\/textarea>\t\t\t\t<\/div>\n\t\t\t\t\t\t\t\t<div class=\"elementor-field-group elementor-column elementor-field-type-submit elementor-col-100 e-form__buttons\">\n\t\t\t\t\t<button type=\"submit\" class=\"elementor-button elementor-size-sm\">\n\t\t\t\t\t\t<span >\n\t\t\t\t\t\t\t\t\t\t\t\t\t\t\t<span class=\" elementor-button-icon\">\n\t\t\t\t\t\t\t\t\t\t\t\t\t\t\t\t\t\t\t\t\t\t\t\t\t\t<\/span>\n\t\t\t\t\t\t\t\t\t\t\t\t\t\t\t\t\t\t\t\t\t\t<span class=\"elementor-button-text\">Send<\/span>\n\t\t\t\t\t\t\t\t\t\t\t\t\t<\/span>\n\t\t\t\t\t<\/button>\n\t\t\t\t<\/div>\n\t\t\t<\/div>\n\t\t<\/form>\n\t\t\t\t\t\t<\/div>\n\t\t\t\t<\/div>\n\t\t\t\t\t<\/div>\n\t\t<\/div>\n\t\t\t\t<div class=\"elementor-column elementor-col-50 elementor-top-column elementor-element elementor-element-f76f81a\" data-id=\"f76f81a\" data-element_type=\"column\" data-e-type=\"column\">\n\t\t\t<div class=\"elementor-widget-wrap elementor-element-populated\">\n\t\t\t\t\t\t<div class=\"elementor-element elementor-element-3fc3972 elementor-widget elementor-widget-text-editor\" data-id=\"3fc3972\" data-element_type=\"widget\" data-e-type=\"widget\" data-widget_type=\"text-editor.default\">\n\t\t\t\t<div class=\"elementor-widget-container\">\n\t\t\t\t\t\t\t\t\t<p><strong>WheelDE &#8211; main office<\/strong><br \/>J.Galvyd\u017eio 3 LT &#8211; 08236 Vilnius, Lithuania EUROPE<br \/>0037067579742<br \/><a href=\"mailto:sales@wheelhm.com\">sales@wheelhm.com<\/a><\/p>\t\t\t\t\t\t\t\t<\/div>\n\t\t\t\t<\/div>\n\t\t\t\t<div class=\"elementor-element elementor-element-f97039f elementor-widget elementor-widget-image\" data-id=\"f97039f\" data-element_type=\"widget\" data-e-type=\"widget\" data-widget_type=\"image.default\">\n\t\t\t\t<div class=\"elementor-widget-container\">\n\t\t\t\t\t\t\t\t\t\t\t\t\t\t\t<img decoding=\"async\" src=\"https:\/\/wheelhm.com\/wp-content\/uploads\/2023\/01\/office_1.jpg\" title=\"\" alt=\"\" loading=\"lazy\" \/>\t\t\t\t\t\t\t\t\t\t\t\t\t\t\t<\/div>\n\t\t\t\t<\/div>\n\t\t\t\t<div class=\"elementor-element elementor-element-91dfbbe elementor-widget elementor-widget-heading\" data-id=\"91dfbbe\" data-element_type=\"widget\" data-e-type=\"widget\" data-widget_type=\"heading.default\">\n\t\t\t\t<div class=\"elementor-widget-container\">\n\t\t\t\t\t<h6 class=\"elementor-heading-title elementor-size-default\">Warehouse<\/h6>\t\t\t\t<\/div>\n\t\t\t\t<\/div>\n\t\t\t\t<div class=\"elementor-element elementor-element-d3fd9f9 elementor-widget elementor-widget-image\" data-id=\"d3fd9f9\" data-element_type=\"widget\" data-e-type=\"widget\" data-widget_type=\"image.default\">\n\t\t\t\t<div class=\"elementor-widget-container\">\n\t\t\t\t\t\t\t\t\t\t\t\t\t\t\t<img decoding=\"async\" src=\"https:\/\/wheelhm.com\/wp-content\/uploads\/2023\/01\/warehouse_1.jpg\" title=\"\" alt=\"\" loading=\"lazy\" \/>\t\t\t\t\t\t\t\t\t\t\t\t\t\t\t<\/div>\n\t\t\t\t<\/div>\n\t\t\t\t<div class=\"elementor-element elementor-element-22ecdcf elementor-widget elementor-widget-text-editor\" data-id=\"22ecdcf\" data-element_type=\"widget\" data-e-type=\"widget\" data-widget_type=\"text-editor.default\">\n\t\t\t\t<div class=\"elementor-widget-container\">\n\t\t\t\t\t\t\t\t\t<p><strong>UK partner<\/strong><br \/>Third Floor, 207 Regent Street London W1B 3HH<\/p>\t\t\t\t\t\t\t\t<\/div>\n\t\t\t\t<\/div>\n\t\t\t\t\t<\/div>\n\t\t<\/div>\n\t\t\t\t\t<\/div>\n\t\t<\/section>\n\t\t\t\t<\/div>\n\t\t","protected":false},"excerpt":{"rendered":"<p>Send us a message WheelDE &#8211; main officeJ.Galvyd\u017eio 3 LT &#8211; 08236 Vilnius, Lithuania EUROPE0037067579742sales@wheelhm.com Warehouse UK partnerThird Floor, 207 Regent Street London W1B 3HH<\/p>\n","protected":false},"author":1,"featured_media":0,"parent":0,"menu_order":0,"comment_status":"closed","ping_status":"closed","template":"","meta":{"_acf_changed":false,"site-sidebar-layout":"no-sidebar","site-content-layout":"plain-container","ast-global-header-display":"","ast-main-header-display":"","ast-hfb-above-header-display":"","ast-hfb-below-header-display":"","ast-hfb-mobile-header-display":"","site-post-title":"","ast-breadcrumbs-content":"","ast-featured-img":"","footer-sml-layout":"","theme-transparent-header-meta":"default","adv-header-id-meta":"","stick-header-meta":"default","header-above-stick-meta":"","header-main-stick-meta":"","header-below-stick-meta":"","footnotes":""},"class_list":["post-7660","page","type-page","status-publish","hentry"],"acf":[],"yoast_head":"<title>\u0141\u0105czno\u015b\u0107 - wheelhm.com<\/title>\n<meta name=\"robots\" content=\"index, follow, max-snippet:-1, max-image-preview:large, max-video-preview:-1\" \/>\n<link rel=\"canonical\" href=\"https:\/\/wheelhm.com\/pl\/lacznosc\/\" \/>\n<meta property=\"og:locale\" content=\"pl_PL\" \/>\n<meta property=\"og:type\" content=\"article\" \/>\n<meta property=\"og:title\" content=\"\u0141\u0105czno\u015b\u0107 - wheelhm.com\" \/>\n<meta property=\"og:description\" content=\"Send us a message WheelDE &#8211; main officeJ.Galvyd\u017eio 3 LT &#8211; 08236 Vilnius, Lithuania EUROPE0037067579742sales@wheelhm.com Warehouse UK partnerThird Floor, 207 Regent Street London W1B 3HH\" \/>\n<meta property=\"og:url\" content=\"https:\/\/wheelhm.com\/pl\/lacznosc\/\" \/>\n<meta property=\"og:site_name\" content=\"wheelhm.com\" \/>\n<meta property=\"article:modified_time\" content=\"2023-08-31T19:03:21+00:00\" \/>\n<meta property=\"og:image\" content=\"https:\/\/wheelhm.com\/wp-content\/uploads\/2023\/01\/office_1.jpg\" \/>\n<script type=\"application\/ld+json\" class=\"yoast-schema-graph\">{\"@context\":\"https:\\\/\\\/schema.org\",\"@graph\":[{\"@type\":\"WebPage\",\"@id\":\"https:\\\/\\\/wheelhm.com\\\/pl\\\/lacznosc\\\/\",\"url\":\"https:\\\/\\\/wheelhm.com\\\/pl\\\/lacznosc\\\/\",\"name\":\"\u0141\u0105czno\u015b\u0107 - wheelhm.com\",\"isPartOf\":{\"@id\":\"https:\\\/\\\/wheelhm.com\\\/pl\\\/#website\"},\"primaryImageOfPage\":{\"@id\":\"https:\\\/\\\/wheelhm.com\\\/pl\\\/lacznosc\\\/#primaryimage\"},\"image\":{\"@id\":\"https:\\\/\\\/wheelhm.com\\\/pl\\\/lacznosc\\\/#primaryimage\"},\"thumbnailUrl\":\"https:\\\/\\\/wheelhm.com\\\/wp-content\\\/uploads\\\/2023\\\/01\\\/office_1.jpg\",\"datePublished\":\"2023-01-11T21:16:07+00:00\",\"dateModified\":\"2023-08-31T19:03:21+00:00\",\"breadcrumb\":{\"@id\":\"https:\\\/\\\/wheelhm.com\\\/pl\\\/lacznosc\\\/#breadcrumb\"},\"inLanguage\":\"pl-PL\",\"potentialAction\":[{\"@type\":\"ReadAction\",\"target\":[\"https:\\\/\\\/wheelhm.com\\\/pl\\\/lacznosc\\\/\"]}]},{\"@type\":\"ImageObject\",\"inLanguage\":\"pl-PL\",\"@id\":\"https:\\\/\\\/wheelhm.com\\\/pl\\\/lacznosc\\\/#primaryimage\",\"url\":\"https:\\\/\\\/wheelhm.com\\\/wp-content\\\/uploads\\\/2023\\\/01\\\/office_1.jpg\",\"contentUrl\":\"https:\\\/\\\/wheelhm.com\\\/wp-content\\\/uploads\\\/2023\\\/01\\\/office_1.jpg\"},{\"@type\":\"BreadcrumbList\",\"@id\":\"https:\\\/\\\/wheelhm.com\\\/pl\\\/lacznosc\\\/#breadcrumb\",\"itemListElement\":[{\"@type\":\"ListItem\",\"position\":1,\"name\":\"Home\",\"item\":\"https:\\\/\\\/wheelhm.com\\\/pl\\\/\"},{\"@type\":\"ListItem\",\"position\":2,\"name\":\"\u0141\u0105czno\u015b\u0107\"}]},{\"@type\":\"WebSite\",\"@id\":\"https:\\\/\\\/wheelhm.com\\\/pl\\\/#website\",\"url\":\"https:\\\/\\\/wheelhm.com\\\/pl\\\/\",\"name\":\"wheelhm.com\",\"description\":\"Globalny portal B2B do wyszukiwania u\u017cywanych maszyn produkcyjnych\",\"publisher\":{\"@id\":\"https:\\\/\\\/wheelhm.com\\\/pl\\\/#organization\"},\"potentialAction\":[{\"@type\":\"SearchAction\",\"target\":{\"@type\":\"EntryPoint\",\"urlTemplate\":\"https:\\\/\\\/wheelhm.com\\\/pl\\\/?s={search_term_string}\"},\"query-input\":{\"@type\":\"PropertyValueSpecification\",\"valueRequired\":true,\"valueName\":\"search_term_string\"}}],\"inLanguage\":\"pl-PL\"},{\"@type\":\"Organization\",\"@id\":\"https:\\\/\\\/wheelhm.com\\\/pl\\\/#organization\",\"name\":\"wheelhm.com\",\"url\":\"https:\\\/\\\/wheelhm.com\\\/pl\\\/\",\"logo\":{\"@type\":\"ImageObject\",\"inLanguage\":\"pl-PL\",\"@id\":\"https:\\\/\\\/wheelhm.com\\\/pl\\\/#\\\/schema\\\/logo\\\/image\\\/\",\"url\":\"https:\\\/\\\/wheelhm.com\\\/wp-content\\\/uploads\\\/2023\\\/03\\\/cropped-20-150x78-1.jpg\",\"contentUrl\":\"https:\\\/\\\/wheelhm.com\\\/wp-content\\\/uploads\\\/2023\\\/03\\\/cropped-20-150x78-1.jpg\",\"width\":150,\"height\":78,\"caption\":\"wheelhm.com\"},\"image\":{\"@id\":\"https:\\\/\\\/wheelhm.com\\\/pl\\\/#\\\/schema\\\/logo\\\/image\\\/\"}}]}<\/script>","yoast_head_json":{"title":"\u0141\u0105czno\u015b\u0107 - wheelhm.com","robots":{"index":"index","follow":"follow","max-snippet":"max-snippet:-1","max-image-preview":"max-image-preview:large","max-video-preview":"max-video-preview:-1"},"canonical":"https:\/\/wheelhm.com\/pl\/lacznosc\/","og_locale":"pl_PL","og_type":"article","og_title":"\u0141\u0105czno\u015b\u0107 - wheelhm.com","og_description":"Send us a message WheelDE &#8211; main officeJ.Galvyd\u017eio 3 LT &#8211; 08236 Vilnius, Lithuania EUROPE0037067579742sales@wheelhm.com Warehouse UK partnerThird Floor, 207 Regent Street London W1B 3HH","og_url":"https:\/\/wheelhm.com\/pl\/lacznosc\/","og_site_name":"wheelhm.com","article_modified_time":"2023-08-31T19:03:21+00:00","og_image":[{"url":"https:\/\/wheelhm.com\/wp-content\/uploads\/2023\/01\/office_1.jpg","type":"","width":"","height":""}],"schema":{"@context":"https:\/\/schema.org","@graph":[{"@type":"WebPage","@id":"https:\/\/wheelhm.com\/pl\/lacznosc\/","url":"https:\/\/wheelhm.com\/pl\/lacznosc\/","name":"\u0141\u0105czno\u015b\u0107 - wheelhm.com","isPartOf":{"@id":"https:\/\/wheelhm.com\/pl\/#website"},"primaryImageOfPage":{"@id":"https:\/\/wheelhm.com\/pl\/lacznosc\/#primaryimage"},"image":{"@id":"https:\/\/wheelhm.com\/pl\/lacznosc\/#primaryimage"},"thumbnailUrl":"https:\/\/wheelhm.com\/wp-content\/uploads\/2023\/01\/office_1.jpg","datePublished":"2023-01-11T21:16:07+00:00","dateModified":"2023-08-31T19:03:21+00:00","breadcrumb":{"@id":"https:\/\/wheelhm.com\/pl\/lacznosc\/#breadcrumb"},"inLanguage":"pl-PL","potentialAction":[{"@type":"ReadAction","target":["https:\/\/wheelhm.com\/pl\/lacznosc\/"]}]},{"@type":"ImageObject","inLanguage":"pl-PL","@id":"https:\/\/wheelhm.com\/pl\/lacznosc\/#primaryimage","url":"https:\/\/wheelhm.com\/wp-content\/uploads\/2023\/01\/office_1.jpg","contentUrl":"https:\/\/wheelhm.com\/wp-content\/uploads\/2023\/01\/office_1.jpg"},{"@type":"BreadcrumbList","@id":"https:\/\/wheelhm.com\/pl\/lacznosc\/#breadcrumb","itemListElement":[{"@type":"ListItem","position":1,"name":"Home","item":"https:\/\/wheelhm.com\/pl\/"},{"@type":"ListItem","position":2,"name":"\u0141\u0105czno\u015b\u0107"}]},{"@type":"WebSite","@id":"https:\/\/wheelhm.com\/pl\/#website","url":"https:\/\/wheelhm.com\/pl\/","name":"wheelhm.com","description":"Globalny portal B2B do wyszukiwania u\u017cywanych maszyn produkcyjnych","publisher":{"@id":"https:\/\/wheelhm.com\/pl\/#organization"},"potentialAction":[{"@type":"SearchAction","target":{"@type":"EntryPoint","urlTemplate":"https:\/\/wheelhm.com\/pl\/?s={search_term_string}"},"query-input":{"@type":"PropertyValueSpecification","valueRequired":true,"valueName":"search_term_string"}}],"inLanguage":"pl-PL"},{"@type":"Organization","@id":"https:\/\/wheelhm.com\/pl\/#organization","name":"wheelhm.com","url":"https:\/\/wheelhm.com\/pl\/","logo":{"@type":"ImageObject","inLanguage":"pl-PL","@id":"https:\/\/wheelhm.com\/pl\/#\/schema\/logo\/image\/","url":"https:\/\/wheelhm.com\/wp-content\/uploads\/2023\/03\/cropped-20-150x78-1.jpg","contentUrl":"https:\/\/wheelhm.com\/wp-content\/uploads\/2023\/03\/cropped-20-150x78-1.jpg","width":150,"height":78,"caption":"wheelhm.com"},"image":{"@id":"https:\/\/wheelhm.com\/pl\/#\/schema\/logo\/image\/"}}]}},"_links":{"self":[{"href":"https:\/\/wheelhm.com\/pl\/wp-json\/wp\/v2\/pages\/7660","targetHints":{"allow":["GET"]}}],"collection":[{"href":"https:\/\/wheelhm.com\/pl\/wp-json\/wp\/v2\/pages"}],"about":[{"href":"https:\/\/wheelhm.com\/pl\/wp-json\/wp\/v2\/types\/page"}],"author":[{"embeddable":true,"href":"https:\/\/wheelhm.com\/pl\/wp-json\/wp\/v2\/users\/1"}],"replies":[{"embeddable":true,"href":"https:\/\/wheelhm.com\/pl\/wp-json\/wp\/v2\/comments?post=7660"}],"version-history":[{"count":7,"href":"https:\/\/wheelhm.com\/pl\/wp-json\/wp\/v2\/pages\/7660\/revisions"}],"predecessor-version":[{"id":10255,"href":"https:\/\/wheelhm.com\/pl\/wp-json\/wp\/v2\/pages\/7660\/revisions\/10255"}],"wp:attachment":[{"href":"https:\/\/wheelhm.com\/pl\/wp-json\/wp\/v2\/media?parent=7660"}],"curies":[{"name":"wp","href":"https:\/\/api.w.org\/{rel}","templated":true}]}}